{"id":12,"date":"2023-11-23T17:15:38","date_gmt":"2023-11-23T17:15:38","guid":{"rendered":"https:\/\/lvmcr.com\/?page_id=12"},"modified":"2023-12-23T10:27:17","modified_gmt":"2023-12-23T10:27:17","slug":"standarts","status":"publish","type":"page","link":"https:\/\/lvmcr.com\/lv\/standarts\/","title":{"rendered":"Standarti"},"content":{"rendered":"<div data-elementor-type=\"wp-page\" data-elementor-id=\"12\" class=\"elementor elementor-12\" data-elementor-post-type=\"page\">\n\t\t\t\t\t\t\t<div class=\"elementor-element elementor-element-86603f1 e-con-full e-flex e-con e-parent\" data-id=\"86603f1\" data-element_type=\"container\" data-settings=\"{&quot;content_width&quot;:&quot;full&quot;,&quot;background_background&quot;:&quot;classic&quot;,&quot;container_type&quot;:&quot;flex&quot;}\" data-core-v316-plus=\"true\">\n\t\t\t\t<div class=\"elementor-element elementor-element-fa694f4 elementor-widget elementor-widget-heading\" data-id=\"fa694f4\" data-element_type=\"widget\" data-widget_type=\"heading.default\">\n\t\t\t\t<div class=\"elementor-widget-container\">\n\t\t\t<style>\/*! elementor - v3.17.0 - 08-11-2023 *\/\n.elementor-heading-title{padding:0;margin:0;line-height:1}.elementor-widget-heading .elementor-heading-title[class*=elementor-size-]>a{color:inherit;font-size:inherit;line-height:inherit}.elementor-widget-heading .elementor-heading-title.elementor-size-small{font-size:15px}.elementor-widget-heading .elementor-heading-title.elementor-size-medium{font-size:19px}.elementor-widget-heading .elementor-heading-title.elementor-size-large{font-size:29px}.elementor-widget-heading .elementor-heading-title.elementor-size-xl{font-size:39px}.elementor-widget-heading .elementor-heading-title.elementor-size-xxl{font-size:59px}<\/style><h1 class=\"elementor-heading-title elementor-size-xl\">Brokeriem, d\u012bleriem, p\u0101rvaldniekiem, depozit\u0101rijiem<\/h1>\t\t<\/div>\n\t\t\t\t<\/div>\n\t\t<div class=\"elementor-element elementor-element-82fa928 e-flex e-con-boxed e-con e-child\" data-id=\"82fa928\" data-element_type=\"container\" data-settings=\"{&quot;container_type&quot;:&quot;flex&quot;,&quot;content_width&quot;:&quot;boxed&quot;}\">\n\t\t\t\t\t<div class=\"e-con-inner\">\n\t\t<div class=\"elementor-element elementor-element-f68940e e-flex e-con-boxed e-con e-child\" data-id=\"f68940e\" data-element_type=\"container\" data-settings=\"{&quot;container_type&quot;:&quot;flex&quot;,&quot;content_width&quot;:&quot;boxed&quot;}\">\n\t\t\t\t\t<div class=\"e-con-inner\">\n\t\t\t\t<div class=\"elementor-element elementor-element-2bf131a elementor-widget elementor-widget-heading\" data-id=\"2bf131a\" data-element_type=\"widget\" data-widget_type=\"heading.default\">\n\t\t\t\t<div class=\"elementor-widget-container\">\n\t\t\t<h2 class=\"elementor-heading-title elementor-size-large\">PAMATSTANDARTI\n<\/h2>\t\t<\/div>\n\t\t\t\t<\/div>\n\t\t\t\t<div class=\"elementor-element elementor-element-664ad8f elementor-widget elementor-widget-text-editor\" data-id=\"664ad8f\" data-element_type=\"widget\" data-widget_type=\"text-editor.default\">\n\t\t\t\t<div class=\"elementor-widget-container\">\n\t\t\t<style>\/*! elementor - v3.17.0 - 08-11-2023 *\/\n.elementor-widget-text-editor.elementor-drop-cap-view-stacked .elementor-drop-cap{background-color:#69727d;color:#fff}.elementor-widget-text-editor.elementor-drop-cap-view-framed .elementor-drop-cap{color:#69727d;border:3px solid;background-color:transparent}.elementor-widget-text-editor:not(.elementor-drop-cap-view-default) .elementor-drop-cap{margin-top:8px}.elementor-widget-text-editor:not(.elementor-drop-cap-view-default) .elementor-drop-cap-letter{width:1em;height:1em}.elementor-widget-text-editor .elementor-drop-cap{float:left;text-align:center;line-height:1;font-size:50px}.elementor-widget-text-editor .elementor-drop-cap-letter{display:inline-block}<\/style>\t\t\t\t<p>Finan\u0161u tirgus starpniec\u012bbas oper\u0101ciju pamatstandarts<\/p><p>Pamatstandarts vad\u012bt\u0101ju veiktajiem dar\u012bjumiem finan\u0161u tirg\u016b<\/p><p>Depozit\u0101rija darb\u012bbas pamatstandarts<\/p><p>Ieguld\u012bt\u0101ju ties\u012bbu un intere\u0161u aizsardz\u012bbas pamatstandarts (starpniekiem)<\/p><p>Ieguld\u012bt\u0101ju ties\u012bbu un intere\u0161u aizsardz\u012bbas pamatstandarts (vad\u012bt\u0101jiem)<\/p><p>Ieguld\u012bt\u0101ju aizsardz\u012bbas pamatstandarts (depozit\u0101rijiem)<\/p>\t\t\t\t\t\t<\/div>\n\t\t\t\t<\/div>\n\t\t\t\t\t<\/div>\n\t\t\t\t<\/div>\n\t\t<div class=\"elementor-element elementor-element-c58ceef e-flex e-con-boxed e-con e-child\" data-id=\"c58ceef\" data-element_type=\"container\" data-settings=\"{&quot;container_type&quot;:&quot;flex&quot;,&quot;content_width&quot;:&quot;boxed&quot;}\">\n\t\t\t\t\t<div class=\"e-con-inner\">\n\t\t\t\t<div class=\"elementor-element elementor-element-1cb318a elementor-widget elementor-widget-heading\" data-id=\"1cb318a\" data-element_type=\"widget\" data-widget_type=\"heading.default\">\n\t\t\t\t<div class=\"elementor-widget-container\">\n\t\t\t<h2 class=\"elementor-heading-title elementor-size-large\">IEK\u0160\u0112JIE STANDARTI\n<\/h2>\t\t<\/div>\n\t\t\t\t<\/div>\n\t\t\t\t<div class=\"elementor-element elementor-element-bc84765 elementor-widget elementor-widget-text-editor\" data-id=\"bc84765\" data-element_type=\"widget\" data-widget_type=\"text-editor.default\">\n\t\t\t\t<div class=\"elementor-widget-container\">\n\t\t\t\t\t\t\t<p>Standarts \"Pras\u012bbas attiec\u012bb\u0101 uz inform\u0101cijas dokumentu par finan\u0161u instrumentiem snieg\u0161anu, ko brokeri sniedz priv\u0101tperson\u0101m - finan\u0161u pakalpojumu sa\u0146\u0113m\u0113jiem\"<\/p><p>Standarts \"Klienta inform\u0113\u0161ana par riskiem\"<\/p><p>Standarts \"Zi\u0146o\u0161ana klientam\"<\/p><p>Intere\u0161u konfliktu nov\u0113r\u0161anas standarts<\/p><p>Standarts \"Klienta zin\u0101\u0161anu un pieredzes noteik\u0161ana dar\u012bjumos ar finan\u0161u instrumentiem un finan\u0161u pakalpojumiem\"<\/p><p>Standarts \"Pras\u012bbas sadarb\u012bbai ar priv\u0101tperson\u0101m, pied\u0101v\u0101jot finan\u0161u instrumentus\"<\/p><p>Standarts \"Pras\u012bbas ieguld\u012bjumu konsult\u0101ciju pakalpojumu snieg\u0161anai, izmantojot autoinvest\u012bciju programmas\"<\/p><p>Standarta \"Biznesa \u0113tikas kodekss\"<\/p>\t\t\t\t\t\t<\/div>\n\t\t\t\t<\/div>\n\t\t\t\t\t<\/div>\n\t\t\t\t<\/div>\n\t\t\t\t\t<\/div>\n\t\t\t\t<\/div>\n\t\t\t\t<\/div>\n\t\t\t\t\t\t\t<\/div>","protected":false},"excerpt":{"rendered":"<p>\u0414\u043b\u044f \u0431\u0440\u043e\u043a\u0435\u0440\u043e\u0432, \u0434\u0438\u043b\u0435\u0440\u043e\u0432, \u0443\u043f\u0440\u0430\u0432\u043b\u044f\u044e\u0449\u0438\u0445, \u0434\u0435\u043f\u043e\u0437\u0438\u0442\u0430\u0440\u0438\u0435\u0432 \u0411\u0410\u0417\u041e\u0412\u042b\u0415 \u0421\u0422\u0410\u041d\u0414\u0410\u0420\u0422\u042b \u0411\u0430\u0437\u043e\u0432\u044b\u0439 \u0441\u0442\u0430\u043d\u0434\u0430\u0440\u0442 \u0441\u043e\u0432\u0435\u0440\u0448\u0435\u043d\u0438\u044f \u0431\u0440\u043e\u043a\u0435\u0440\u043e\u043c \u043e\u043f\u0435\u0440\u0430\u0446\u0438\u0439 \u043d\u0430 \u0444\u0438\u043d\u0430\u043d\u0441\u043e\u0432\u043e\u043c \u0440\u044b\u043d\u043a\u0435 \u0411\u0430\u0437\u043e\u0432\u044b\u0439 \u0441\u0442\u0430\u043d\u0434\u0430\u0440\u0442 \u0441\u043e\u0432\u0435\u0440\u0448\u0435\u043d\u0438\u044f \u0443\u043f\u0440\u0430\u0432\u043b\u044f\u0449\u0438\u043c \u043e\u043f\u0435\u0440\u0430\u0446\u0438\u0439 \u043d\u0430 \u0444\u0438\u043d\u0430\u043d\u0441\u043e\u0432\u043e\u043c \u0440\u044b\u043d\u043a\u0435 \u0411\u0430\u0437\u043e\u0432\u044b\u0439 \u0441\u0442\u0430\u043d\u0434\u0430\u0440\u0442 \u043f\u043e \u0434\u0435\u043f\u043e\u0437\u0438\u0442\u0430\u0440\u043d\u043e\u0439 \u0434\u0435\u044f\u0442\u0435\u043b\u044c\u043d\u043e\u0441\u0442\u0438 \u0411\u0430\u0437\u043e\u0432\u044b\u0439 \u0441\u0442\u0430\u043d\u0434\u0430\u0440\u0442 \u0437\u0430\u0449\u0438\u0442\u044b \u043f\u0440\u0430\u0432 \u0438 \u0438\u043d\u0442\u0435\u0440\u0435\u0441\u043e\u0432 \u0438\u043d\u0432\u0435\u0441\u0442\u043e\u0440\u043e\u0432 (\u0434\u043b\u044f \u0431\u0440\u043e\u043a\u0435\u0440\u043e\u0432) \u0411\u0430\u0437\u043e\u0432\u044b\u0439 \u0441\u0442\u0430\u043d\u0434\u0430\u0440\u0442 \u0437\u0430\u0449\u0438\u0442\u044b \u043f\u0440\u0430\u0432 \u0438 \u0438\u043d\u0442\u0435\u0440\u0435\u0441\u043e\u0432 \u0438\u043d\u0432\u0435\u0441\u0442\u043e\u0440\u043e\u0432 (\u0434\u043b\u044f \u0443\u043f\u0440\u0430\u0432\u043b\u044f\u044e\u0449\u0438\u0445) \u0411\u0430\u0437\u043e\u0432\u044b\u0439 \u0441\u0442\u0430\u043d\u0434\u0430\u0440\u0442 \u0437\u0430\u0449\u0438\u0442\u044b \u043f\u0440\u0430\u0432 \u0438 \u0438\u043d\u0442\u0435\u0440\u0435\u0441\u043e\u0432 \u0438\u043d\u0432\u0435\u0441\u0442\u043e\u0440\u043e\u0432 (\u0434\u043b\u044f \u0434\u0435\u043f\u043e\u0437\u0438\u0442\u0430\u0440\u0438\u0435\u0432) [&hellip;]<\/p>","protected":false},"author":1,"featured_media":0,"parent":0,"menu_order":0,"comment_status":"closed","ping_status":"closed","template":"","meta":{"footnotes":""},"_links":{"self":[{"href":"https:\/\/lvmcr.com\/lv\/wp-json\/wp\/v2\/pages\/12"}],"collection":[{"href":"https:\/\/lvmcr.com\/lv\/wp-json\/wp\/v2\/pages"}],"about":[{"href":"https:\/\/lvmcr.com\/lv\/wp-json\/wp\/v2\/types\/page"}],"author":[{"embeddable":true,"href":"https:\/\/lvmcr.com\/lv\/wp-json\/wp\/v2\/users\/1"}],"replies":[{"embeddable":true,"href":"https:\/\/lvmcr.com\/lv\/wp-json\/wp\/v2\/comments?post=12"}],"version-history":[{"count":16,"href":"https:\/\/lvmcr.com\/lv\/wp-json\/wp\/v2\/pages\/12\/revisions"}],"predecessor-version":[{"id":287,"href":"https:\/\/lvmcr.com\/lv\/wp-json\/wp\/v2\/pages\/12\/revisions\/287"}],"wp:attachment":[{"href":"https:\/\/lvmcr.com\/lv\/wp-json\/wp\/v2\/media?parent=12"}],"curies":[{"name":"wp","href":"https:\/\/api.w.org\/{rel}","templated":true}]}}