{"id":322,"date":"2023-12-25T15:29:23","date_gmt":"2023-12-25T15:29:23","guid":{"rendered":"https:\/\/lvmcr.com\/?page_id=322"},"modified":"2023-12-25T15:33:12","modified_gmt":"2023-12-25T15:33:12","slug":"privacy-policy-2","status":"publish","type":"page","link":"https:\/\/lvmcr.com\/lv\/privacy-policy-2\/","title":{"rendered":"PRIV\u0100TUMA POLITIKA"},"content":{"rendered":"<div data-elementor-type=\"wp-page\" data-elementor-id=\"322\" class=\"elementor elementor-322\" data-elementor-post-type=\"page\">\n\t\t\t\t\t\t\t<div class=\"elementor-element elementor-element-1066a20d e-con-full e-flex e-con e-parent\" data-id=\"1066a20d\" data-element_type=\"container\" data-settings=\"{&quot;content_width&quot;:&quot;full&quot;,&quot;background_background&quot;:&quot;classic&quot;,&quot;container_type&quot;:&quot;flex&quot;}\" data-core-v316-plus=\"true\">\n\t\t\t\t<div class=\"elementor-element elementor-element-fe453dc elementor-widget elementor-widget-heading\" data-id=\"fe453dc\" data-element_type=\"widget\" data-widget_type=\"heading.default\">\n\t\t\t\t<div class=\"elementor-widget-container\">\n\t\t\t<style>\/*! elementor - v3.17.0 - 08-11-2023 *\/\n.elementor-heading-title{padding:0;margin:0;line-height:1}.elementor-widget-heading .elementor-heading-title[class*=elementor-size-]>a{color:inherit;font-size:inherit;line-height:inherit}.elementor-widget-heading .elementor-heading-title.elementor-size-small{font-size:15px}.elementor-widget-heading .elementor-heading-title.elementor-size-medium{font-size:19px}.elementor-widget-heading .elementor-heading-title.elementor-size-large{font-size:29px}.elementor-widget-heading .elementor-heading-title.elementor-size-xl{font-size:39px}.elementor-widget-heading .elementor-heading-title.elementor-size-xxl{font-size:59px}<\/style><h2 class=\"elementor-heading-title elementor-size-default\">Konfidencialit\u0101tes politika<\/h2>\t\t<\/div>\n\t\t\t\t<\/div>\n\t\t\t\t<div class=\"elementor-element elementor-element-f548f7e elementor-widget elementor-widget-text-editor\" data-id=\"f548f7e\" data-element_type=\"widget\" data-widget_type=\"text-editor.default\">\n\t\t\t\t<div class=\"elementor-widget-container\">\n\t\t\t<style>\/*! elementor - v3.17.0 - 08-11-2023 *\/\n.elementor-widget-text-editor.elementor-drop-cap-view-stacked .elementor-drop-cap{background-color:#69727d;color:#fff}.elementor-widget-text-editor.elementor-drop-cap-view-framed .elementor-drop-cap{color:#69727d;border:3px solid;background-color:transparent}.elementor-widget-text-editor:not(.elementor-drop-cap-view-default) .elementor-drop-cap{margin-top:8px}.elementor-widget-text-editor:not(.elementor-drop-cap-view-default) .elementor-drop-cap-letter{width:1em;height:1em}.elementor-widget-text-editor .elementor-drop-cap{float:left;text-align:center;line-height:1;font-size:50px}.elementor-widget-text-editor .elementor-drop-cap-letter{display:inline-block}<\/style>\t\t\t\t<p><!-- wp:heading {\"level\":3} --><\/p>\n<h3 class=\"wp-block-heading\">I. VISP\u0100R\u012aGI NOTEIKUMI<\/h3>\n<p><!-- \/wp:heading --><!-- wp:paragraph --><\/p>\n<p>1. \u0160\u012b Priv\u0101tuma politika reglament\u0113 LVMCR (turpm\u0101k tekst\u0101 - J\u016bs, J\u016bsu) personas datu v\u0101k\u0161anas, apstr\u0101des un uzglab\u0101\u0161anas pamatprincipus un k\u0101rt\u012bbu.<br \/>2. J\u016bsu personas datu v\u0101k\u0161anu, apstr\u0101di un uzglab\u0101\u0161anu nosaka \u0161\u012b Priv\u0101tuma politika, Lietuvas Republikas Personas datu tiesisk\u0101s aizsardz\u012bbas likums un citi ties\u012bbu akti.<br \/>3. e-pasts Sniedzot savus personas datus veikal\u0101, j\u016bs piekr\u012btat, ka LVMCR tos p\u0101rvald\u012bs un apstr\u0101d\u0101s \u0161aj\u0101 priv\u0101tuma politik\u0101 un ties\u012bbu aktos noteiktajos nol\u016bkos, veidos un k\u0101rt\u012bb\u0101.<br \/>4. LVMCR personas datu apstr\u0101d\u0113 iev\u0113ro \u0161\u0101dus pamatprincipus:<br \/>4.1 Personas dati tiek v\u0101kti konkr\u0113tiem un likum\u012bgiem m\u0113r\u0137iem.<br \/>4.2. Personas dati tiek apstr\u0101d\u0101ti prec\u012bzi un godpr\u0101t\u012bgi.<br \/>4.3 Personas dati tiek apstr\u0101d\u0101ti likum\u012bgi, t. i., tikai tad, ja:<br \/>4.3.1. datu subjekts dod piekri\u0161anu, t. i., piekr\u012bt iev\u0113rot e-veikala lieto\u0161anas noteikumus;<br \/>4.3.2. LVMCR ir pien\u0101kums apstr\u0101d\u0101t personas datus saska\u0146\u0101 ar ties\u012bbu aktiem;<br \/>4.3.4. personas dati j\u0101apstr\u0101d\u0101 LVMCR vai tre\u0161\u0101s personas, kurai personas dati tiek sniegti, le\u0123it\u012bmo intere\u0161u nol\u016bkos, ja vien datu subjekta intereses nav svar\u012bg\u0101kas.<br \/>4.4. Personas dati tiek regul\u0101ri atjaunin\u0101ti.<br \/>4.5. Personas dati tiek glab\u0101ti ne ilg\u0101k, nek\u0101 to prasa noteiktie datu apstr\u0101des m\u0113r\u0137i.<br \/>4.6. Personas datus apstr\u0101d\u0101 tikai tie darbinieki, kuri ir pilnvaroti to dar\u012bt.<br \/>4.7 Visa inform\u0101cija par apstr\u0101d\u0101tajiem personas datiem ir konfidenci\u0101la.<br \/>4.8. Par personas datu apstr\u0101di noteikt\u0101 k\u0101rt\u012bb\u0101 j\u0101zi\u0146o Valsts datu aizsardz\u012bbas inspekcijai.<br \/>5. E-pasta izmanto\u0161ana Veikala pakalpojumi var:<br \/>5.1. visas darbsp\u0113j\u012bg\u0101s fizisk\u0101s personas, kas sasniegu\u0161as 18 gadu vecumu;<br \/>5.2. nepilngad\u012bgajiem vecum\u0101 no \u010detrpadsmit l\u012bdz asto\u0146padsmit gadiem tikai ar vec\u0101ku, adopt\u0113t\u0101ju vai aizbild\u0146u piekri\u0161anu, ja vien vi\u0146i patst\u0101v\u012bgi neapsaimnieko savus ien\u0101kumus vai stipendiju;<br \/>5.3. juridisk\u0101s personas;<br \/>5.4. visu iepriek\u0161 min\u0113to personu pilnvarotie p\u0101rst\u0101vji.<\/p>\n<p><!-- \/wp:paragraph --><!-- wp:heading {\"level\":3} --><\/p>\n<h3 class=\"wp-block-heading\">II. PERSONAS DATU V\u0100K\u0160ANA, APSTR\u0100DE, GLAB\u0100\u0160ANA<\/h3>\n<p><!-- \/wp:heading --><!-- wp:paragraph --><\/p>\n<p>7. LVMCR iev\u0113ro ikviena ties\u012bbas uz priv\u0101tumu. J\u016bsu personas dati (v\u0101rds, uzv\u0101rds, adrese, t\u0101lru\u0146a numurs, e-pasta adrese un cita tie\u0161saistes veikala re\u0123istr\u0101cijas veidlap\u0101 sniegt\u0101 inform\u0101cija) tiek v\u0101kti un apstr\u0101d\u0101ti \u0161\u0101diem m\u0113r\u0137iem:<br \/>7.1. apstr\u0101d\u0101t j\u016bsu produktu pas\u016bt\u012bjumus;<br \/>7.2. izsniedz finan\u0161u dokumentus (piem\u0113ram, r\u0113\u0137inus);<br \/>7.3. risin\u0101t probl\u0113mas, kas saist\u012btas ar pre\u010du noform\u0113\u0161anu vai pieg\u0101di;<br \/>7.4. pild\u012bt citas l\u012bgumsaist\u012bbas;<br \/>7.5. tie\u0161\u0101 m\u0101rketinga nol\u016bkos.<br \/>8. Re\u0123istr\u0101cijas e-pasta adrese Jums ir j\u0101nor\u0101da piln\u012bgi un pareizi personas dati, atrodoties veikal\u0101.<br \/>9. Apstr\u0101d\u0101jot un uzglab\u0101jot j\u016bsu personas datus, LVMCR \u012bsteno organizatoriskus un tehniskus pas\u0101kumus, lai nodro\u0161in\u0101tu personas datu aizsardz\u012bbu pret nejau\u0161u vai nelikum\u012bgu izn\u012bcin\u0101\u0161anu, groz\u012b\u0161anu, izpau\u0161anu un citu nelikum\u012bgu apstr\u0101di.<br \/>10. LVMCR var izmantot datus, kas nav tie\u0161i saist\u012bti ar j\u016bsu identit\u0101ti, piem\u0113ram, datus par ieg\u0101d\u0101taj\u0101m prec\u0113m, statistikas vajadz\u012bb\u0101m. \u0160\u0101di statistikas dati tiks apkopoti un apstr\u0101d\u0101ti t\u0101, lai nepie\u013cautu Klienta identit\u0101tes vai citu personas identific\u0113jamu datu izpau\u0161anu.<\/p>\n<p><!-- \/wp:paragraph --><!-- wp:heading {\"level\":3} --><\/p>\n<h3 class=\"wp-block-heading\">III. PERSONAS DATU NODO\u0160ANA TRE\u0160\u0100M PERSON\u0100M<\/h3>\n<p><!-- \/wp:heading --><!-- wp:paragraph --><\/p>\n<p>11. LVMCR patur ties\u012bbas nodot inform\u0101ciju tre\u0161\u0101m person\u0101m:<br \/>11.1. tikai \u0161o noteikumu 5. punkt\u0101 noteiktajiem m\u0113r\u0137iem;<br \/>11.2. tikai saska\u0146\u0101 ar Lietuvas Republikas ties\u012bbu aktos noteikto k\u0101rt\u012bbu.<\/p>\n<p><!-- \/wp:paragraph --><!-- wp:heading {\"level\":3} --><\/p>\n<h3 class=\"wp-block-heading\">IV. PERSONAS DATU GROZ\u012a\u0160ANA VAI ATJAUNIN\u0100\u0160ANA<\/h3>\n<p><!-- \/wp:heading --><!-- wp:paragraph --><\/p>\n<p>12. Jums ir ties\u012bbas jebkur\u0101 laik\u0101 main\u012bt un\/vai atjaunin\u0101t re\u0123istr\u0101cijas veidlap\u0101 sniegto inform\u0101ciju.<\/p>\n<p><!-- \/wp:paragraph --><!-- wp:heading {\"level\":3} --><\/p>\n<h3 class=\"wp-block-heading\">V. INFORM\u0100CIJAS VAI PRETENZIJU PAZI\u0145O\u0160ANA<\/h3>\n<p><!-- \/wp:heading --><!-- wp:paragraph --><\/p>\n<p>13. Jums, kas esat pilnvarojis savu personas datu apstr\u0101di, ir ties\u012bbas:<br \/>13.1. piepras\u012bt savu personas datu labo\u0161anu, izn\u012bcin\u0101\u0161anu vai aptur\u0113t savu personas datu apstr\u0101di, iz\u0146emot glab\u0101\u0161anu, ja apstr\u0101de tiek veikta, p\u0101rk\u0101pjot \u0161o un citu ties\u012bbu aktu noteikumus;<br \/>13.2. nepiekr\u012bt savu personas datu apstr\u0101dei.<br \/>14. LVMCR, sa\u0146emot J\u016bsu piepras\u012bjumu par personas datu apstr\u0101di, sniegs Jums atbildi ne v\u0113l\u0101k k\u0101 30 kalend\u0101ro dienu laik\u0101 no J\u016bsu piepras\u012bjuma sa\u0146em\u0161anas dienas. Tiks izskat\u012bti tikai tie piepras\u012bjumi par personas datu apstr\u0101di, kas b\u016bs iesniegti rakstiski (e-pasts clients@lvmcr.com).<\/p>\n<p><!-- \/wp:paragraph --><!-- wp:heading {\"level\":3} --><\/p>\n<h3 class=\"wp-block-heading\">VI. PRIV\u0100TUMA POLITIKAS IZMAI\u0145AS<\/h3>\n<p><!-- \/wp:heading --><!-- wp:paragraph --><\/p>\n<p>15. LVMCR ir ties\u012bbas da\u013c\u0113ji vai piln\u012bb\u0101 main\u012bt Priv\u0101tuma politiku, par to inform\u0113jot j\u016bs pa e-pastu. veikal\u0101, sada\u013c\u0101 \"Jaunumi\".<br \/>16. Priv\u0101tuma politikas papildin\u0101jumi vai groz\u012bjumi st\u0101jas sp\u0113k\u0101 no to public\u0113\u0161anas dienas, t.i., no dienas, kad tie ir pieejami pa e-pastu. veikala sist\u0113m\u0101.<br \/>17. Ja nepiekr\u012btat jaunajai priv\u0101tuma politikas versijai, jums ir ties\u012bbas rakstveid\u0101 (e-pasts clients@lvmcr.com) atteikties no t\u0101s, ar nosac\u012bjumu, ka j\u016bs zaud\u0113jat ties\u012bbas izmantot e-veikala pakalpojumus.<br \/>18. Ja p\u0113c konfidencialit\u0101tes politikas pievieno\u0161anas vai groz\u012b\u0161anas j\u016bs turpin\u0101siet izmantot e-pastu. veikala sniegtos pakalpojumus, tiks uzskat\u012bts, ka j\u016bs piekr\u012btat jaunajai versijai.<\/p>\n<p><!-- \/wp:paragraph --><\/p>\t\t\t\t\t\t<\/div>\n\t\t\t\t<\/div>\n\t\t\t\t<\/div>\n\t\t\t\t\t\t\t<\/div>","protected":false},"excerpt":{"rendered":"<p>\u041f\u043e\u043b\u0438\u0442\u0438\u043a\u0430 \u043a\u043e\u043d\u0444\u0438\u0434\u0435\u043d\u0446\u0438\u0430\u043b\u044c\u043d\u043e\u0441\u0442\u0438 I. \u041e\u0411\u0429\u0418\u0415 \u041f\u041e\u041b\u041e\u0416\u0415\u041d\u0418\u042f 1. \u041d\u0430\u0441\u0442\u043e\u044f\u0449\u0430\u044f \u043f\u043e\u043b\u0438\u0442\u0438\u043a\u0430 \u043a\u043e\u043d\u0444\u0438\u0434\u0435\u043d\u0446\u0438\u0430\u043b\u044c\u043d\u043e\u0441\u0442\u0438 \u0440\u0435\u0433\u0443\u043b\u0438\u0440\u0443\u0435\u0442 \u043e\u0441\u043d\u043e\u0432\u043d\u044b\u0435 \u043f\u0440\u0438\u043d\u0446\u0438\u043f\u044b \u0438 \u043f\u043e\u0440\u044f\u0434\u043e\u043a \u0441\u0431\u043e\u0440\u0430, \u043e\u0431\u0440\u0430\u0431\u043e\u0442\u043a\u0438 \u0438 \u0445\u0440\u0430\u043d\u0435\u043d\u0438\u044f \u043f\u0435\u0440\u0441\u043e\u043d\u0430\u043b\u044c\u043d\u044b\u0445 \u0434\u0430\u043d\u043d\u044b\u0445 LVMCR (\u0434\u0430\u043b\u0435\u0435 \u2013 \u0412\u044b, \u0412\u0430\u0448).2. \u0421\u0431\u043e\u0440, \u043e\u0431\u0440\u0430\u0431\u043e\u0442\u043a\u0430 \u0438 \u0445\u0440\u0430\u043d\u0435\u043d\u0438\u0435 \u0432\u0430\u0448\u0438\u0445 \u043f\u0435\u0440\u0441\u043e\u043d\u0430\u043b\u044c\u043d\u044b\u0445 \u0434\u0430\u043d\u043d\u044b\u0445 \u043e\u043f\u0440\u0435\u0434\u0435\u043b\u044f\u044e\u0442\u0441\u044f \u043d\u0430\u0441\u0442\u043e\u044f\u0449\u0435\u0439 \u043f\u043e\u043b\u0438\u0442\u0438\u043a\u043e\u0439 \u043a\u043e\u043d\u0444\u0438\u0434\u0435\u043d\u0446\u0438\u0430\u043b\u044c\u043d\u043e\u0441\u0442\u0438, \u0417\u0430\u043a\u043e\u043d\u043e\u043c \u041b\u0438\u0442\u043e\u0432\u0441\u043a\u043e\u0439 \u0420\u0435\u0441\u043f\u0443\u0431\u043b\u0438\u043a\u0438 \u043e \u043f\u0440\u0430\u0432\u043e\u0432\u043e\u0439 \u0437\u0430\u0449\u0438\u0442\u0435 \u043f\u0435\u0440\u0441\u043e\u043d\u0430\u043b\u044c\u043d\u044b\u0445 \u0434\u0430\u043d\u043d\u044b\u0445 \u0438 \u0434\u0440\u0443\u0433\u0438\u043c\u0438 \u043f\u0440\u0430\u0432\u043e\u0432\u044b\u043c\u0438 \u0430\u043a\u0442\u0430\u043c\u0438.3. \u042d\u043b\u0435\u043a\u0442\u0440\u043e\u043d\u043d\u0430\u044f \u043f\u043e\u0447\u0442\u0430\u00a0\u0423\u043a\u0430\u0437\u044b\u0432\u0430\u044f \u0441\u0432\u043e\u0438 \u043f\u0435\u0440\u0441\u043e\u043d\u0430\u043b\u044c\u043d\u044b\u0435 \u0434\u0430\u043d\u043d\u044b\u0435 \u0432 \u043c\u0430\u0433\u0430\u0437\u0438\u043d\u0435, [&hellip;]<\/p>","protected":false},"author":1,"featured_media":0,"parent":0,"menu_order":0,"comment_status":"closed","ping_status":"closed","template":"","meta":{"footnotes":""},"_links":{"self":[{"href":"https:\/\/lvmcr.com\/lv\/wp-json\/wp\/v2\/pages\/322"}],"collection":[{"href":"https:\/\/lvmcr.com\/lv\/wp-json\/wp\/v2\/pages"}],"about":[{"href":"https:\/\/lvmcr.com\/lv\/wp-json\/wp\/v2\/types\/page"}],"author":[{"embeddable":true,"href":"https:\/\/lvmcr.com\/lv\/wp-json\/wp\/v2\/users\/1"}],"replies":[{"embeddable":true,"href":"https:\/\/lvmcr.com\/lv\/wp-json\/wp\/v2\/comments?post=322"}],"version-history":[{"count":4,"href":"https:\/\/lvmcr.com\/lv\/wp-json\/wp\/v2\/pages\/322\/revisions"}],"predecessor-version":[{"id":327,"href":"https:\/\/lvmcr.com\/lv\/wp-json\/wp\/v2\/pages\/322\/revisions\/327"}],"wp:attachment":[{"href":"https:\/\/lvmcr.com\/lv\/wp-json\/wp\/v2\/media?parent=322"}],"curies":[{"name":"wp","href":"https:\/\/api.w.org\/{rel}","templated":true}]}}